{"id":965,"date":"2023-05-18T06:48:34","date_gmt":"2023-05-18T10:48:34","guid":{"rendered":"https:\/\/agencealto.ca\/contact-us\/"},"modified":"2024-01-28T11:57:46","modified_gmt":"2024-01-28T16:57:46","slug":"contact-us","status":"publish","type":"page","link":"https:\/\/agencealto.ca\/en\/contact-us\/","title":{"rendered":"Contact us"},"content":{"rendered":"<div class=\"fusion-fullwidth fullwidth-box fusion-builder-row-1 fusion-flex-container has-pattern-background has-mask-background nonhundred-percent-fullwidth non-hundred-percent-height-scrolling\" style=\"--awb-border-radius-top-left:0px;--awb-border-radius-top-right:0px;--awb-border-radius-bottom-right:0px;--awb-border-radius-bottom-left:0px;--awb-min-height:25vh;--awb-background-color:#f7f7f7;--awb-flex-wrap:wrap;\" ><div class=\"fusion-builder-row fusion-row fusion-flex-align-items-flex-start fusion-flex-content-wrap\" style=\"max-width:1476.8px;margin-left: calc(-4% \/ 2 );margin-right: calc(-4% \/ 2 );\"><div class=\"fusion-layout-column fusion_builder_column fusion-builder-column-0 fusion_builder_column_2_5 2_5 fusion-flex-column\" style=\"--awb-bg-size:cover;--awb-width-large:40%;--awb-margin-top-large:100px;--awb-spacing-right-large:4.8%;--awb-margin-bottom-large:0px;--awb-spacing-left-large:4.8%;--awb-width-medium:100%;--awb-order-medium:0;--awb-spacing-right-medium:1.92%;--awb-spacing-left-medium:1.92%;--awb-width-small:100%;--awb-order-small:0;--awb-margin-top-small:75px;--awb-spacing-right-small:1.92%;--awb-spacing-left-small:1.92%;\"><div class=\"fusion-column-wrapper fusion-column-has-shadow fusion-flex-justify-content-flex-start fusion-content-layout-column\"><div class=\"fusion-title title fusion-title-1 fusion-sep-none fusion-title-text fusion-title-size-one\" style=\"--awb-text-color:var(--awb-color1);\"><h1 class=\"fusion-title-heading title-heading-left fusion-responsive-typography-calculated\" style=\"margin:0;--fontSize:40;line-height:1.25;\"><strong>Contact <\/strong>us<\/h1><\/div><div class=\"fusion-text fusion-text-1\" style=\"--awb-margin-top:25px;\"><p>Our team of professionals is ready to answer all your questions.<\/p>\n<\/div><div class=\"fusion-builder-row fusion-builder-row-inner fusion-row fusion-flex-align-items-flex-start fusion-flex-content-wrap\" style=\"width:104% !important;max-width:104% !important;margin-left: calc(-4% \/ 2 );margin-right: calc(-4% \/ 2 );\"><div class=\"fusion-layout-column fusion_builder_column_inner fusion-builder-nested-column-0 fusion_builder_column_inner_1_1 1_1 fusion-flex-column\" style=\"--awb-bg-size:cover;--awb-width-large:100%;--awb-margin-top-large:50px;--awb-spacing-right-large:1.92%;--awb-margin-bottom-large:0px;--awb-spacing-left-large:1.92%;--awb-width-medium:100%;--awb-order-medium:0;--awb-spacing-right-medium:1.92%;--awb-spacing-left-medium:1.92%;--awb-width-small:100%;--awb-order-small:0;--awb-spacing-right-small:1.92%;--awb-spacing-left-small:1.92%;\"><div class=\"fusion-column-wrapper fusion-column-has-shadow fusion-flex-justify-content-flex-start fusion-content-layout-column\"><div class=\"fusion-content-boxes content-boxes columns row fusion-columns-1 fusion-columns-total-3 fusion-content-boxes-1 content-boxes-icon-on-side content-left\" style=\"--awb-backgroundcolor:var(--awb-color2);--awb-body-color:var(--awb-color1);--awb-title-color:var(--awb-color6);--awb-iconcolor:var(--awb-color6);--awb-item-margin-bottom:20px;--awb-margin-bottom:0px;--awb-hover-accent-color:var(--awb-color1);--awb-circle-hover-accent-color:var(--awb-color1);\" data-animationOffset=\"top-into-view\"><div style=\"--awb-backgroundcolor:var(--awb-color2);--awb-iconcolor:var(--awb-color6);--awb-content-padding-left:68px;\" class=\"fusion-column content-box-column content-box-column content-box-column-1 col-lg-12 col-md-12 col-sm-12 fusion-content-box-hover content-box-column-last-in-row\"><div class=\"col content-box-wrapper content-wrapper-background link-area-link-icon icon-hover-animation-none fusion-animated\" data-animationType=\"fadeInLeft\" data-animationDuration=\"0.5\" data-animationOffset=\"top-into-view\"><div class=\"heading heading-with-icon icon-left\"><div class=\"icon\"><i style=\"border-color:var(--awb-color8);border-width:0px;background-color:var(--awb-color1);box-sizing:content-box;height:48px;width:48px;line-height:48px;border-radius:50%;font-size:24px;\" aria-hidden=\"true\" class=\"fontawesome-icon fa-phone-alt fas circle-yes\"><\/i><\/div><h2 class=\"content-box-heading fusion-responsive-typography-calculated\" style=\"--h2_typography-font-size:24px;--fontSize:24;line-height:var(--awb-typography1-line-height);padding-left:68px;\">Call us<\/h2><\/div><div class=\"fusion-clearfix\"><\/div><div class=\"content-container\">\n<p><strong><a href=\"tel:5148085478\">514.808.5478<\/a><\/strong><\/p>\n<\/div><\/div><\/div><div style=\"--awb-backgroundcolor:var(--awb-color2);--awb-iconcolor:var(--awb-color6);--awb-content-padding-left:68px;\" class=\"fusion-column content-box-column content-box-column content-box-column-2 col-lg-12 col-md-12 col-sm-12 fusion-content-box-hover content-box-column-last-in-row\"><div class=\"col content-box-wrapper content-wrapper-background link-area-link-icon icon-hover-animation-none fusion-animated\" data-animationType=\"fadeInLeft\" data-animationDuration=\"0.5\" data-animationOffset=\"top-into-view\"><div class=\"heading heading-with-icon icon-left\"><div class=\"icon\"><i style=\"border-color:var(--awb-color8);border-width:0px;background-color:var(--awb-color1);box-sizing:content-box;height:48px;width:48px;line-height:48px;border-radius:50%;font-size:24px;\" aria-hidden=\"true\" class=\"fontawesome-icon fa-envelope-open fas circle-yes\"><\/i><\/div><h2 class=\"content-box-heading fusion-responsive-typography-calculated\" style=\"--h2_typography-font-size:24px;--fontSize:24;line-height:var(--awb-typography1-line-height);padding-left:68px;\">Email us<\/h2><\/div><div class=\"fusion-clearfix\"><\/div><div class=\"content-container\">\n<p><strong><a href=\"mailto:info@agencealto.ca\">info@agencealto.ca<\/a><\/strong><\/p>\n<\/div><\/div><\/div><div style=\"--awb-backgroundcolor:var(--awb-color2);--awb-iconcolor:var(--awb-color6);--awb-content-padding-left:68px;\" class=\"fusion-column content-box-column content-box-column content-box-column-3 col-lg-12 col-md-12 col-sm-12 fusion-content-box-hover content-box-column-last content-box-column-last-in-row\"><div class=\"col content-box-wrapper content-wrapper-background link-area-link-icon icon-hover-animation-none fusion-animated\" data-animationType=\"fadeInLeft\" data-animationDuration=\"0.5\" data-animationOffset=\"top-into-view\"><div class=\"heading heading-with-icon icon-left\"><div class=\"icon\"><i style=\"border-color:var(--awb-color8);border-width:0px;background-color:var(--awb-color1);box-sizing:content-box;height:48px;width:48px;line-height:48px;border-radius:50%;font-size:24px;\" aria-hidden=\"true\" class=\"fontawesome-icon fa-clock fas circle-yes\"><\/i><\/div><h2 class=\"content-box-heading fusion-responsive-typography-calculated\" style=\"--h2_typography-font-size:24px;--fontSize:24;line-height:var(--awb-typography1-line-height);padding-left:68px;\">Opening hours<\/h2><\/div><div class=\"fusion-clearfix\"><\/div><div class=\"content-container\"><b>Monday to Friday 8am to 6pm<\/b><\/div><\/div><\/div><div class=\"fusion-clearfix\"><\/div><\/div><\/div><\/div><\/div><\/div><\/div><div class=\"fusion-layout-column fusion_builder_column fusion-builder-column-1 fusion_builder_column_3_5 3_5 fusion-flex-column\" style=\"--awb-bg-size:cover;--awb-width-large:60%;--awb-margin-top-large:100px;--awb-spacing-right-large:3.2%;--awb-margin-bottom-large:75px;--awb-spacing-left-large:3.2%;--awb-width-medium:100%;--awb-order-medium:0;--awb-margin-top-medium:50px;--awb-spacing-right-medium:1.92%;--awb-spacing-left-medium:1.92%;--awb-width-small:100%;--awb-order-small:0;--awb-spacing-right-small:1.92%;--awb-margin-bottom-small:50px;--awb-spacing-left-small:1.92%;\"><div class=\"fusion-column-wrapper fusion-column-has-shadow fusion-flex-justify-content-flex-end fusion-content-layout-column\"><div class=\"fusion-form fusion-form-builder fusion-form-form-wrapper fusion-form-936\" style=\"--awb-tooltip-text-color:#ffffff;--awb-tooltip-background-color:#333333;--awb-field-margin-bottom:10px;--awb-form-font-size:18px;--awb-form-placeholder-color:var(--awb-color3);--awb-form-text-color:var(--awb-color3);--awb-form-label-color:var(--awb-color3);\" data-form-id=\"936\" data-config=\"{&quot;form_id&quot;:936,&quot;form_post_id&quot;:936,&quot;post_id&quot;:965,&quot;form_type&quot;:&quot;ajax&quot;,&quot;confirmation_type&quot;:&quot;message&quot;,&quot;redirect_url&quot;:&quot;&quot;,&quot;redirect_timeout&quot;:&quot;0&quot;,&quot;field_labels&quot;:{&quot;nom_entreprise&quot;:&quot;&quot;,&quot;options_conseil&quot;:&quot;Check the options for which you would like advice&quot;,&quot;nom_field&quot;:&quot;&quot;,&quot;telephone_field&quot;:&quot;&quot;,&quot;email_field&quot;:&quot;&quot;,&quot;message&quot;:&quot;&quot;},&quot;field_logics&quot;:{&quot;nom_entreprise&quot;:&quot;&quot;,&quot;options_conseil&quot;:&quot;&quot;,&quot;nom_field&quot;:&quot;&quot;,&quot;telephone_field&quot;:&quot;&quot;,&quot;email_field&quot;:&quot;&quot;,&quot;message&quot;:&quot;&quot;,&quot;notice_1&quot;:&quot;&quot;,&quot;submit_1&quot;:&quot;&quot;},&quot;field_types&quot;:{&quot;nom_entreprise&quot;:&quot;text&quot;,&quot;options_conseil&quot;:&quot;checkbox&quot;,&quot;nom_field&quot;:&quot;text&quot;,&quot;telephone_field&quot;:&quot;phone_number&quot;,&quot;email_field&quot;:&quot;email&quot;,&quot;message&quot;:&quot;textarea&quot;,&quot;notice_1&quot;:&quot;notice&quot;,&quot;submit_1&quot;:&quot;submit&quot;,&quot;recaptcha_1&quot;:&quot;recaptcha&quot;},&quot;nonce_method&quot;:&quot;ajax&quot;,&quot;form_views&quot;:&quot;ajax&quot;,&quot;form_views_counting&quot;:&quot;all&quot;}\"><form action=\"https:\/\/agencealto.ca\/en\/contact-us\/\" method=\"post\" class=\"fusion-form fusion-form-936\"><div class=\"fusion-fullwidth fullwidth-box fusion-builder-row-1-1 fusion-flex-container has-pattern-background has-mask-background nonhundred-percent-fullwidth non-hundred-percent-height-scrolling\" style=\"--awb-border-radius-top-left:0px;--awb-border-radius-top-right:0px;--awb-border-radius-bottom-right:0px;--awb-border-radius-bottom-left:0px;--awb-flex-wrap:wrap;\" ><div class=\"fusion-builder-row fusion-row fusion-flex-align-items-flex-start fusion-flex-content-wrap\" style=\"width:104% !important;max-width:104% !important;margin-left: calc(-4% \/ 2 );margin-right: calc(-4% \/ 2 );\"><div class=\"fusion-layout-column fusion_builder_column fusion-builder-column-2 fusion_builder_column_1_1 1_1 fusion-flex-column\" style=\"--awb-padding-top:0px;--awb-padding-right:0px;--awb-padding-bottom:0px;--awb-padding-left:0px;--awb-bg-size:cover;--awb-width-large:100%;--awb-flex-grow:0;--awb-flex-shrink:0;--awb-margin-top-large:0px;--awb-spacing-right-large:1.92%;--awb-margin-bottom-large:0px;--awb-spacing-left-large:1.92%;--awb-width-medium:100%;--awb-order-medium:0;--awb-flex-grow-medium:0;--awb-flex-shrink-medium:0;--awb-spacing-right-medium:1.92%;--awb-spacing-left-medium:1.92%;--awb-width-small:100%;--awb-order-small:0;--awb-flex-grow-small:0;--awb-flex-shrink-small:0;--awb-spacing-right-small:1.92%;--awb-spacing-left-small:1.92%;\" data-scroll-devices=\"small-visibility,medium-visibility,large-visibility\"><div class=\"fusion-column-wrapper fusion-column-has-shadow fusion-flex-justify-content-flex-start fusion-content-layout-column\"><div class=\"fusion-form-field fusion-form-text-field fusion-form-label-above\" style=\"\" data-form-id=\"936\"><input type=\"text\" autocomplete=\"off\" name=\"nom_entreprise\" id=\"nom_entreprise\" value=\"\"  class=\"fusion-form-input\" placeholder=\"Your business name \" data-holds-private-data=\"false\" minlength=\"1\" maxlength=\"120\"\/><\/div><div class=\"fusion-form-field fusion-form-checkbox-field fusion-form-label-above\" style=\"\" data-form-id=\"936\"><fieldset data-awb-fieldset-min-required=\"1\" data-awb-fieldset-max-required=\"0\" data-awb-fieldset-error=\"Give us an idea of how we can help you by checking off the desired services.\"><legend class=\"fusion-form-label-wrapper\"><span class=\"label\">Check the options for which you would like advice <abbr class=\"fusion-form-element-required\" title=\"Give us an idea of how we can help you by checking off the desired services.\">*<\/abbr><\/span><\/legend><div class=\"fusion-form-checkbox\"><input data-empty-notice=\"Give us an idea of how we can help you by checking off the desired services.\" tabindex=\"\" id=\"checkbox-options_conseil-1-0\" type=\"checkbox\" value=\"Google Ads\" name=\"options_conseil[]\" class=\"fusion-form-input\" data-holds-private-data=\"false\"\/><label for=\"checkbox-options_conseil-1-0\">Google Ads<\/label><\/div><div class=\"fusion-form-checkbox\"><input data-empty-notice=\"Give us an idea of how we can help you by checking off the desired services.\" tabindex=\"\" id=\"checkbox-options_conseil-1-1\" type=\"checkbox\" value=\"Facebook\/Instagram advertising\" name=\"options_conseil[]\" class=\"fusion-form-input\" data-holds-private-data=\"false\"\/><label for=\"checkbox-options_conseil-1-1\">Facebook\/Instagram advertising<\/label><\/div><div class=\"fusion-form-checkbox\"><input data-empty-notice=\"Give us an idea of how we can help you by checking off the desired services.\" tabindex=\"\" id=\"checkbox-options_conseil-1-2\" type=\"checkbox\" value=\"SEO\" name=\"options_conseil[]\" class=\"fusion-form-input\" data-holds-private-data=\"false\"\/><label for=\"checkbox-options_conseil-1-2\">SEO<\/label><\/div><div class=\"fusion-form-checkbox\"><input data-empty-notice=\"Give us an idea of how we can help you by checking off the desired services.\" tabindex=\"\" id=\"checkbox-options_conseil-1-3\" type=\"checkbox\" value=\"Photo and video content creation\" name=\"options_conseil[]\" class=\"fusion-form-input\" data-holds-private-data=\"false\"\/><label for=\"checkbox-options_conseil-1-3\">Photo and video content creation<\/label><\/div><div class=\"fusion-form-checkbox\"><input data-empty-notice=\"Give us an idea of how we can help you by checking off the desired services.\" tabindex=\"\" id=\"checkbox-options_conseil-1-4\" type=\"checkbox\" value=\"Brand image and impressions\" name=\"options_conseil[]\" class=\"fusion-form-input\" data-holds-private-data=\"false\"\/><label for=\"checkbox-options_conseil-1-4\">Brand image and impressions<\/label><\/div><\/fieldset><\/div><div class=\"fusion-form-field fusion-form-text-field fusion-form-label-above\" style=\"\" data-form-id=\"936\"><input type=\"text\" autocomplete=\"off\"  data-empty-notice=\"Please enter a contact name.\" name=\"nom_field\" id=\"nom_field\" value=\"\"  class=\"fusion-form-input\" required=\"true\" aria-required=\"true\" placeholder=\"Your name *\" data-holds-private-data=\"false\" minlength=\"0\"\/><\/div><div class=\"fusion-form-field fusion-form-phone-number-field fusion-form-label-above\" style=\"\" data-form-id=\"936\"><input type=\"tel\" autocomplete=\"off\"  data-invalid-notice=\"Entrez un num\u00e9ro de t\u00e9l\u00e9phone valide s'il vous pla\u00eet\"  data-empty-notice=\"Please enter a valid phone number.\" name=\"telephone_field\" id=\"telephone_field\" value=\"\"  class=\"fusion-form-input\" required=\"true\" aria-required=\"true\" placeholder=\"Your phone number *\" data-holds-private-data=\"false\"\/><\/div><div class=\"fusion-form-field fusion-form-email-field fusion-form-label-above\" style=\"\" data-form-id=\"936\"><input type=\"email\" autocomplete=\"off\"  data-empty-notice=\"Please enter a valid email address.\" name=\"email_field\" id=\"email_field\" value=\"\"  class=\"fusion-form-input\" required=\"true\" aria-required=\"true\" placeholder=\"Your email *\" data-holds-private-data=\"false\"\/><\/div><div class=\"fusion-form-field fusion-form-textarea-field fusion-form-label-above\" style=\"\" data-form-id=\"936\"><textarea cols=\"40\" autocomplete=\"off\"  minlength=\"10\"  rows=\"4\" tabindex=\"\" id=\"message\" name=\"message\" class=\"fusion-form-input\" placeholder=\"Your message \" data-holds-private-data=\"false\"><\/textarea><\/div><\/div><\/div><div class=\"fusion-layout-column fusion_builder_column fusion-builder-column-3 fusion_builder_column_1_1 1_1 fusion-flex-column\" style=\"--awb-bg-size:cover;--awb-width-large:100%;--awb-flex-grow:0;--awb-flex-shrink:0;--awb-margin-top-large:0px;--awb-spacing-right-large:1.92%;--awb-margin-bottom-large:20px;--awb-spacing-left-large:1.92%;--awb-width-medium:100%;--awb-order-medium:0;--awb-flex-grow-medium:0;--awb-flex-shrink-medium:0;--awb-spacing-right-medium:1.92%;--awb-spacing-left-medium:1.92%;--awb-width-small:100%;--awb-order-small:0;--awb-flex-grow-small:0;--awb-flex-shrink-small:0;--awb-spacing-right-small:1.92%;--awb-spacing-left-small:1.92%;\"><div class=\"fusion-column-wrapper fusion-column-has-shadow fusion-flex-justify-content-flex-start fusion-content-layout-column\"><div class=\"form-submission-notices data-notice_1\" id=\"fusion-notices-1\"><div class=\"fusion-alert alert success alert-success fusion-alert-center fusion-form-response fusion-form-response-success awb-alert-native-link-color alert-dismissable awb-alert-close-boxed\" role=\"alert\"><div class=\"fusion-alert-content-wrapper\"><span class=\"alert-icon\"><i class=\"awb-icon-check-circle\" aria-hidden=\"true\"><\/i><\/span><span class=\"fusion-alert-content\">Thank you for your message. It has been sent.<\/span><\/div><button type=\"button\" class=\"close toggle-alert\" data-dismiss=\"alert\" aria-label=\"Close\">&times;<\/button><\/div><div class=\"fusion-alert alert error alert-danger fusion-alert-center fusion-form-response fusion-form-response-error awb-alert-native-link-color alert-dismissable awb-alert-close-boxed\" role=\"alert\"><div class=\"fusion-alert-content-wrapper\"><span class=\"alert-icon\"><i class=\"awb-icon-exclamation-triangle\" aria-hidden=\"true\"><\/i><\/span><span class=\"fusion-alert-content\">An error has occurred. Please try again.<\/span><\/div><button type=\"button\" class=\"close toggle-alert\" data-dismiss=\"alert\" aria-label=\"Close\">&times;<\/button><\/div><\/div><div class=\"fusion-form-field fusion-form-submit-field fusion-form-label-above\" style=\"\" data-form-id=\"936\"><div ><button type=\"submit\" class=\"fusion-button button-flat fusion-button-default-size button-default fusion-button-default button-1 fusion-button-default-span  button-default form-form-submit\" data-form-number=\"936\" tabindex=\"\"><span class=\"fusion-button-text awb-button__text awb-button__text--default\">Send<\/span><\/button><\/div><\/div><div class=\"fusion-form-field fusion-form-recaptcha-field fusion-form-label-above\" style=\"\" data-form-id=\"936\">\t\t\t\t<div class=\"form-creator-recaptcha\" >\n\t\t\t\t\t\t\t\t\t\t\t\t\t\t\t\t\t\t\t\t\t\t\t\t<div\n\t\t\t\t\t\t\tid=\"g-recaptcha-id-form-936\"\n\t\t\t\t\t\t\tclass=\"fusion-form-recaptcha-v3 recaptcha-container  fusion-form-hide-recaptcha-badge\"\n\t\t\t\t\t\t\tdata-sitekey=\"6LcccpQmAAAAANAEWiu1kk8iaIS9GcJF8_V5B8oH\"\n\t\t\t\t\t\t\tdata-badge=\"hide\">\n\t\t\t\t\t\t<\/div>\n\t\t\t\t\t\t<input\n\t\t\t\t\t\t\ttype=\"hidden\"\n\t\t\t\t\t\t\tname=\"fusion-form-recaptcha-response\"\n\t\t\t\t\t\t\tclass=\"g-recaptcha-response\"\n\t\t\t\t\t\t\tid=\"fusion-form-recaptcha-response-936\"\n\t\t\t\t\t\t\tvalue=\"\">\n\t\t\t\t\t\t\t\t\t\t\t\t\t\t\t<\/div>\n\t\t\t\t<\/div><\/div><\/div><\/div><\/div><input type=\"hidden\" name=\"fusion_privacy_store_ip_ua\" value=\"false\"><input type=\"hidden\" name=\"fusion_privacy_expiration_interval\" value=\"48\"><input type=\"hidden\" name=\"privacy_expiration_action\" value=\"anonymize\"><\/form><\/div><\/div><\/div><\/div><\/div>\n","protected":false},"excerpt":{"rendered":"","protected":false},"author":6,"featured_media":0,"parent":0,"menu_order":0,"comment_status":"closed","ping_status":"closed","template":"100-width.php","meta":{"footnotes":""},"class_list":["post-965","page","type-page","status-publish","hentry"],"_links":{"self":[{"href":"https:\/\/agencealto.ca\/en\/wp-json\/wp\/v2\/pages\/965","targetHints":{"allow":["GET"]}}],"collection":[{"href":"https:\/\/agencealto.ca\/en\/wp-json\/wp\/v2\/pages"}],"about":[{"href":"https:\/\/agencealto.ca\/en\/wp-json\/wp\/v2\/types\/page"}],"author":[{"embeddable":true,"href":"https:\/\/agencealto.ca\/en\/wp-json\/wp\/v2\/users\/6"}],"replies":[{"embeddable":true,"href":"https:\/\/agencealto.ca\/en\/wp-json\/wp\/v2\/comments?post=965"}],"version-history":[{"count":3,"href":"https:\/\/agencealto.ca\/en\/wp-json\/wp\/v2\/pages\/965\/revisions"}],"predecessor-version":[{"id":1196,"href":"https:\/\/agencealto.ca\/en\/wp-json\/wp\/v2\/pages\/965\/revisions\/1196"}],"wp:attachment":[{"href":"https:\/\/agencealto.ca\/en\/wp-json\/wp\/v2\/media?parent=965"}],"curies":[{"name":"wp","href":"https:\/\/api.w.org\/{rel}","templated":true}]}}